{"id":3715,"date":"2022-04-22T12:15:23","date_gmt":"2022-04-22T15:15:23","guid":{"rendered":"http:\/\/beggiato.com.br\/beggiato\/?page_id=3715"},"modified":"2022-09-06T18:28:26","modified_gmt":"2022-09-06T21:28:26","slug":"servicos","status":"publish","type":"page","link":"https:\/\/beggiato.com.br\/beggiato\/servicos\/","title":{"rendered":"Servi\u00e7os"},"content":{"rendered":"<div class=\"wpb-content-wrapper\"><p>[vc_row content_placement=&#8221;top&#8221; content_text_aligment=&#8221;center&#8221; css=&#8221;.vc_custom_1619576599542{padding-top: 100px !important;padding-bottom: 100px !important;}&#8221; simple_background_color=&#8221;#000000&#8243;][vc_column width=&#8221;1\/6&#8243;][\/vc_column][vc_column width=&#8221;2\/3&#8243;]<div class=\"edgtf-section-title-holder  edgtf-st-standard edgtf-st-title-left edgtf-st-normal-space edgtf-st-disable-title-break\" style=\"text-align: center\">\n\t<div class=\"edgtf-st-inner\">\n\t\t\t\t\t<h2 class=\"edgtf-st-title\" style=\"color: #ffffff\">\n\t\t\t\tBeggiato\t\t\t<\/h2>\n\t\t\t\t\t\t\t<p class=\"edgtf-st-text\" style=\"color: #ffffff;margin-top: 30px\">\n\t\t\t\tN\u00f3s amamos guitarras! Guitarras,baixos,captadores,pedais e mais!!!!\t\t\t<\/p>\n\t\t\t<\/div>\n<\/div>[\/vc_column][vc_column width=&#8221;1\/6&#8243;][\/vc_column][\/vc_row][vc_row content_placement=&#8221;top&#8221; row_content_width=&#8221;grid&#8221; css=&#8221;.vc_custom_1619576828048{padding-top: 100px !important;padding-bottom: 100px !important;}&#8221; simple_background_color=&#8221;#ffffff&#8221;][vc_column width=&#8221;1\/2&#8243;][vc_column_text]<\/p>\n<div class=\"wpb_text_column wpb_content_element \">\n<div class=\"wpb_wrapper\"><\/div>\n<\/div>\n<div class=\"wpb_text_column wpb_content_element \">\n<div class=\"wpb_wrapper\">\n<h4>N\u00f3s amamos o que fazemos!<\/h4>\n<p>Nossa tradi\u00e7\u00e3o \u00e9 oferecer servi\u00e7os de luthieria em guitarras , baixos e viol\u00f5es com a maior qualidade!<\/p>\n<\/div>\n<\/div>\n<p>[\/vc_column_text][\/vc_column][vc_column width=&#8221;1\/2&#8243;][vc_single_image image=&#8221;3618&#8243; img_size=&#8221;full&#8221;][\/vc_column][\/vc_row]<\/p>\n<\/div>","protected":false},"excerpt":{"rendered":"<p>[vc_row content_placement=&#8221;top&#8221; content_text_aligment=&#8221;center&#8221; css=&#8221;.vc_custom_1619576599542{padding-top: 100px !important;padding-bottom: 100px !important;}&#8221; simple_background_color=&#8221;#000000&#8243;][vc_column width=&#8221;1\/6&#8243;][\/vc_column][vc_column width=&#8221;2\/3&#8243;][\/vc_column][vc_column width=&#8221;1\/6&#8243;][\/vc_column][\/vc_row][vc_row content_placement=&#8221;top&#8221; row_content_width=&#8221;grid&#8221; css=&#8221;.vc_custom_1619576828048{padding-top: 100px !important;padding-bottom: 100px !important;}&#8221; simple_background_color=&#8221;#ffffff&#8221;][vc_column width=&#8221;1\/2&#8243;][vc_column_text] N\u00f3s amamos o que fazemos! Nossa tradi\u00e7\u00e3o \u00e9 oferecer servi\u00e7os de luthieria em guitarras , baixos e viol\u00f5es com [&hellip;]<\/p>\n","protected":false},"author":1,"featured_media":0,"parent":0,"menu_order":0,"comment_status":"closed","ping_status":"closed","template":"full-width.php","meta":{"footnotes":""},"class_list":["post-3715","page","type-page","status-publish","hentry"],"_links":{"self":[{"href":"https:\/\/beggiato.com.br\/beggiato\/wp-json\/wp\/v2\/pages\/3715","targetHints":{"allow":["GET"]}}],"collection":[{"href":"https:\/\/beggiato.com.br\/beggiato\/wp-json\/wp\/v2\/pages"}],"about":[{"href":"https:\/\/beggiato.com.br\/beggiato\/wp-json\/wp\/v2\/types\/page"}],"author":[{"embeddable":true,"href":"https:\/\/beggiato.com.br\/beggiato\/wp-json\/wp\/v2\/users\/1"}],"replies":[{"embeddable":true,"href":"https:\/\/beggiato.com.br\/beggiato\/wp-json\/wp\/v2\/comments?post=3715"}],"version-history":[{"count":4,"href":"https:\/\/beggiato.com.br\/beggiato\/wp-json\/wp\/v2\/pages\/3715\/revisions"}],"predecessor-version":[{"id":3793,"href":"https:\/\/beggiato.com.br\/beggiato\/wp-json\/wp\/v2\/pages\/3715\/revisions\/3793"}],"wp:attachment":[{"href":"https:\/\/beggiato.com.br\/beggiato\/wp-json\/wp\/v2\/media?parent=3715"}],"curies":[{"name":"wp","href":"https:\/\/api.w.org\/{rel}","templated":true}]}}